{"id":1360,"date":"2026-04-17T11:06:08","date_gmt":"2026-04-17T09:06:08","guid":{"rendered":"https:\/\/lehmann.softmedia.cz\/?page_id=1360"},"modified":"2026-04-24T16:43:14","modified_gmt":"2026-04-24T14:43:14","slug":"privacy-policy","status":"publish","type":"page","link":"https:\/\/lehmann-abfuellanlagen.de\/en\/datenschutzerklaerung\/","title":{"rendered":"Privacy Policy"},"content":{"rendered":"<p>Informationspflicht laut \u00a7 5 TMG.<\/p>\n\n\n\n<p><strong>LEHMANN INDUSTRIE GmbH<\/strong><br>Kirchenstra\u00dfe 5<br>85413 H\u00f6rgertshausen<br>Germany<\/p>\n\n\n\n<p>Companies Register<br>Register Court: Munich Local Court<br>Registration number: HRB292285<br>USt \u2013 IdNr.:&nbsp;DE367758661<br>Gesch\u00e4ftsf\u00fchrer:&nbsp;Iveta Lehmann<\/p>\n\n\n\n<p>Tel.: +49 (0) 8764 949 7390<br>Fax: +49 (0) 8764 949 7389<br>E-mail&nbsp;<a href=\"mailto:info@lehmann-industrie.de\">info@lehmann-industrie.de<\/a><\/p>\n\n\n\n<p>******************************************************<\/p>\n\n\n\n<p><strong>LIABILITY FOR CONTENT<\/strong><br>Als Diensteanbieter sind wir gem\u00e4\u00df \u00a7 7 Abs.1 TMG f\u00fcr eigene Inhalte auf diesen Seiten nach den allgemeinen Gesetzen verantwortlich. Nach \u00a7 8 bis 10 TMG sind wir als Diensteanbieter jedoch nicht verpflichtet, \u00fcbermittelte oder gespeicherte fremde Informationen zu \u00fcberwachen oder nach Umst\u00e4nden zu forschen, die auf eine rechtswidrige T\u00e4tigkeit hinweisen.<br>Verpflichtungen zur Entfernung oder Sperrung der Nutzung von Informationen nach den allgemeinen Gesetzen bleiben hiervon unber\u00fchrt. Eine diesbez\u00fcgliche Haftung ist jedoch erst ab dem Zeitpunkt der Kenntnis einer konkreten Rechtsverletzung m\u00f6glich. Bei Bekanntwerden von entsprechenden Rechtsverletzungen werden wir diese Inhalte umgehend entfernen.<\/p>\n\n\n\n<p><strong>LIABILITY FOR LINKS<\/strong><br>Unser Angebot enth\u00e4lt Links zu externen Websites Dritter, auf deren Inhalte wir keinen Einfluss haben. Deshalb k\u00f6nnen wir f\u00fcr diese fremden Inhalte auch keine Gew\u00e4hr \u00fcbernehmen. F\u00fcr die Inhalte der verlinkten Seiten ist stets der jeweilige Anbieter oder Betreiber der Seiten verantwortlich. Die verlinkten Seiten wurden zum Zeitpunkt der Verlinkung auf m\u00f6gliche Rechtsverst\u00f6\u00dfe \u00fcberpr\u00fcft. Rechtswidrige Inhalte waren zum Zeitpunkt der Verlinkung nicht erkennbar.<br>Eine permanente inhaltliche Kontrolle der verlinkten Seiten ist jedoch ohne konkrete Anhaltspunkte einer Rechtsverletzung nicht zumutbar. Bei Bekanntwerden von Rechtsverletzungen werden wir derartige Links umgehend entfernen.<\/p>\n\n\n\n<p><strong>COPYRIGHT<\/strong><br>Die durch die Seitenbetreiber erstellten Inhalte und Werke auf diesen Seiten unterliegen dem deutschen Urheberrecht. Die Vervielf\u00e4ltigung, Bearbeitung, Verbreitung und jede Art der Verwertung au\u00dferhalb der Grenzen des Urheberrechtes bed\u00fcrfen der schriftlichen Zustimmung des jeweiligen Autors bzw. Erstellers. Downloads und Kopien dieser Seite sind nur f\u00fcr den privaten, nicht kommerziellen Gebrauch gestattet.<br>Soweit die Inhalte auf dieser Seite nicht vom Betreiber erstellt wurden, werden die Urheberrechte Dritter beachtet. Insbesondere werden Inhalte Dritter als solche gekennzeichnet. Sollten Sie trotzdem auf eine Urheberrechtsverletzung aufmerksam werden, bitten wir um einen entsprechenden Hinweis. Bei Bekanntwerden von Rechtsverletzungen werden wir derartige Inhalte umgehend entfernen.<\/p>","protected":false},"excerpt":{"rendered":"<p>Informationspflicht laut \u00a7 5 TMG. LEHMANN INDUSTRIE GmbHKirchenstra\u00dfe 585413 H\u00f6rgertshausenDeutschland Handelsregister:Registergericht: Amtsgericht M\u00fcnchenRegisternummer: HRB292285USt \u2013 IdNr.:&nbsp;DE367758661Gesch\u00e4ftsf\u00fchrer:&nbsp;Iveta Lehmann Tel.: +49 (0) 8764 949 7390Fax: +49 (0) 8764 949 7389E-Mail:&nbsp;info@lehmann-industrie.de ****************************************************** HAFTUNG F\u00dcR INHALTEAls Diensteanbieter sind wir gem\u00e4\u00df \u00a7 7 Abs.1 TMG f\u00fcr eigene Inhalte auf diesen Seiten nach den allgemeinen Gesetzen verantwortlich. Nach \u00a7 8 bis [&hellip;]<\/p>\n","protected":false},"author":8,"featured_media":0,"parent":0,"menu_order":0,"comment_status":"closed","ping_status":"closed","template":"","meta":{"_acf_changed":false,"footnotes":""},"class_list":["post-1360","page","type-page","status-publish","hentry"],"acf":[],"yoast_head":"<!-- This site is optimized with the Yoast SEO plugin v27.6 - https:\/\/yoast.com\/product\/yoast-seo-wordpress\/ -->\n<title>Datenschutzerkl\u00e4rung | LEHMANN INDUSTRIE<\/title>\n<meta name=\"description\" content=\"Diese Seite informiert den Nutzer auf der Website \u00fcber Datenschutz und andere Risiken sowie \u00fcber m\u00f6gliche Sicherheitsma\u00dfnahmen, die zu beachten sind.\" \/>\n<meta name=\"robots\" content=\"index, follow, max-snippet:-1, max-image-preview:large, max-video-preview:-1\" \/>\n<link rel=\"canonical\" href=\"https:\/\/lehmann-abfuellanlagen.de\/en\/privacy-policy\/\" \/>\n<meta property=\"og:locale\" content=\"en_GB\" \/>\n<meta property=\"og:type\" content=\"article\" \/>\n<meta property=\"og:title\" content=\"Datenschutzerkl\u00e4rung | LEHMANN INDUSTRIE\" \/>\n<meta property=\"og:description\" content=\"Diese Seite informiert den Nutzer auf der Website \u00fcber Datenschutz und andere Risiken sowie \u00fcber m\u00f6gliche Sicherheitsma\u00dfnahmen, die zu beachten sind.\" \/>\n<meta property=\"og:url\" content=\"https:\/\/lehmann-abfuellanlagen.de\/en\/privacy-policy\/\" \/>\n<meta property=\"og:site_name\" content=\"LEHMANN INDUSTRIE\" \/>\n<meta property=\"article:publisher\" content=\"https:\/\/www.facebook.com\/profile.php?id=100068219325208\" \/>\n<meta property=\"article:modified_time\" content=\"2026-04-24T14:43:14+00:00\" \/>\n<meta property=\"og:image\" content=\"https:\/\/lehmann-abfuellanlagen.de\/wp-content\/uploads\/2026\/05\/lehmann-industrie-og-share-image-1.jpg\" \/>\n\t<meta property=\"og:image:width\" content=\"1200\" \/>\n\t<meta property=\"og:image:height\" content=\"675\" \/>\n\t<meta property=\"og:image:type\" content=\"image\/jpeg\" \/>\n<meta name=\"twitter:card\" content=\"summary_large_image\" \/>\n<meta name=\"twitter:label1\" content=\"Estimated reading time\" \/>\n\t<meta name=\"twitter:data1\" content=\"2 minutes\" \/>\n<script type=\"application\/ld+json\" class=\"yoast-schema-graph\">{\"@context\":\"https:\\\/\\\/schema.org\",\"@graph\":[{\"@type\":\"WebPage\",\"@id\":\"https:\\\/\\\/lehmann-abfuellanlagen.de\\\/datenschutzerklaerung\\\/\",\"url\":\"https:\\\/\\\/lehmann-abfuellanlagen.de\\\/datenschutzerklaerung\\\/\",\"name\":\"Datenschutzerkl\u00e4rung | LEHMANN INDUSTRIE\",\"isPartOf\":{\"@id\":\"https:\\\/\\\/lehmann-abfuellanlagen.de\\\/#website\"},\"datePublished\":\"2026-04-17T09:06:08+00:00\",\"dateModified\":\"2026-04-24T14:43:14+00:00\",\"description\":\"Diese Seite informiert den Nutzer auf der Website \u00fcber Datenschutz und andere Risiken sowie \u00fcber m\u00f6gliche Sicherheitsma\u00dfnahmen, die zu beachten sind.\",\"breadcrumb\":{\"@id\":\"https:\\\/\\\/lehmann-abfuellanlagen.de\\\/datenschutzerklaerung\\\/#breadcrumb\"},\"inLanguage\":\"en-GB\",\"potentialAction\":[{\"@type\":\"ReadAction\",\"target\":[\"https:\\\/\\\/lehmann-abfuellanlagen.de\\\/datenschutzerklaerung\\\/\"]}]},{\"@type\":\"BreadcrumbList\",\"@id\":\"https:\\\/\\\/lehmann-abfuellanlagen.de\\\/datenschutzerklaerung\\\/#breadcrumb\",\"itemListElement\":[{\"@type\":\"ListItem\",\"position\":1,\"name\":\"Dom\u016f\",\"item\":\"https:\\\/\\\/lehmann-abfuellanlagen.de\\\/\"},{\"@type\":\"ListItem\",\"position\":2,\"name\":\"Datenschutzerkl\u00e4rung\"}]},{\"@type\":\"WebSite\",\"@id\":\"https:\\\/\\\/lehmann-abfuellanlagen.de\\\/#website\",\"url\":\"https:\\\/\\\/lehmann-abfuellanlagen.de\\\/\",\"name\":\"LEHMANN INDUSTRIE\",\"description\":\"Abf\u00fcllanlagen und Verpackungsmaschinen\",\"publisher\":{\"@id\":\"https:\\\/\\\/lehmann-abfuellanlagen.de\\\/#organization\"},\"potentialAction\":[{\"@type\":\"SearchAction\",\"target\":{\"@type\":\"EntryPoint\",\"urlTemplate\":\"https:\\\/\\\/lehmann-abfuellanlagen.de\\\/?s={search_term_string}\"},\"query-input\":{\"@type\":\"PropertyValueSpecification\",\"valueRequired\":true,\"valueName\":\"search_term_string\"}}],\"inLanguage\":\"en-GB\"},{\"@type\":\"Organization\",\"@id\":\"https:\\\/\\\/lehmann-abfuellanlagen.de\\\/#organization\",\"name\":\"LEHMANN INDUSTRIE\",\"url\":\"https:\\\/\\\/lehmann-abfuellanlagen.de\\\/\",\"logo\":{\"@type\":\"ImageObject\",\"inLanguage\":\"en-GB\",\"@id\":\"https:\\\/\\\/lehmann-abfuellanlagen.de\\\/#\\\/schema\\\/logo\\\/image\\\/\",\"url\":\"https:\\\/\\\/lehmann-abfuellanlagen.de\\\/wp-content\\\/uploads\\\/2026\\\/05\\\/logo-lehmann-industrie-seo.png\",\"contentUrl\":\"https:\\\/\\\/lehmann-abfuellanlagen.de\\\/wp-content\\\/uploads\\\/2026\\\/05\\\/logo-lehmann-industrie-seo.png\",\"width\":548,\"height\":152,\"caption\":\"LEHMANN INDUSTRIE\"},\"image\":{\"@id\":\"https:\\\/\\\/lehmann-abfuellanlagen.de\\\/#\\\/schema\\\/logo\\\/image\\\/\"},\"sameAs\":[\"https:\\\/\\\/www.facebook.com\\\/profile.php?id=100068219325208\",\"https:\\\/\\\/www.linkedin.com\\\/company\\\/lehmann-industrie\\\/\",\"https:\\\/\\\/www.youtube.com\\\/@lehmannindustrie2766\"]}]}<\/script>\n<!-- \/ Yoast SEO plugin. -->","yoast_head_json":{"title":"Privacy policy | LEHMANN INDUSTRIE","description":"This page informs the user on the website about data protection and other risks as well as about possible safety measures which he has to follow.","robots":{"index":"index","follow":"follow","max-snippet":"max-snippet:-1","max-image-preview":"max-image-preview:large","max-video-preview":"max-video-preview:-1"},"canonical":"https:\/\/lehmann-abfuellanlagen.de\/en\/privacy-policy\/","og_locale":"en_GB","og_type":"article","og_title":"Datenschutzerkl\u00e4rung | LEHMANN INDUSTRIE","og_description":"Diese Seite informiert den Nutzer auf der Website \u00fcber Datenschutz und andere Risiken sowie \u00fcber m\u00f6gliche Sicherheitsma\u00dfnahmen, die zu beachten sind.","og_url":"https:\/\/lehmann-abfuellanlagen.de\/en\/privacy-policy\/","og_site_name":"LEHMANN INDUSTRIE","article_publisher":"https:\/\/www.facebook.com\/profile.php?id=100068219325208","article_modified_time":"2026-04-24T14:43:14+00:00","og_image":[{"width":1200,"height":675,"url":"https:\/\/lehmann-abfuellanlagen.de\/wp-content\/uploads\/2026\/05\/lehmann-industrie-og-share-image-1.jpg","type":"image\/jpeg"}],"twitter_card":"summary_large_image","twitter_misc":{"Estimated reading time":"2 minutes"},"schema":{"@context":"https:\/\/schema.org","@graph":[{"@type":"WebPage","@id":"https:\/\/lehmann-abfuellanlagen.de\/datenschutzerklaerung\/","url":"https:\/\/lehmann-abfuellanlagen.de\/datenschutzerklaerung\/","name":"Privacy policy | LEHMANN INDUSTRIE","isPartOf":{"@id":"https:\/\/lehmann-abfuellanlagen.de\/#website"},"datePublished":"2026-04-17T09:06:08+00:00","dateModified":"2026-04-24T14:43:14+00:00","description":"This page informs the user on the website about data protection and other risks as well as about possible safety measures which he has to follow.","breadcrumb":{"@id":"https:\/\/lehmann-abfuellanlagen.de\/datenschutzerklaerung\/#breadcrumb"},"inLanguage":"en-GB","potentialAction":[{"@type":"ReadAction","target":["https:\/\/lehmann-abfuellanlagen.de\/datenschutzerklaerung\/"]}]},{"@type":"BreadcrumbList","@id":"https:\/\/lehmann-abfuellanlagen.de\/datenschutzerklaerung\/#breadcrumb","itemListElement":[{"@type":"ListItem","position":1,"name":"Dom\u016f","item":"https:\/\/lehmann-abfuellanlagen.de\/"},{"@type":"ListItem","position":2,"name":"Datenschutzerkl\u00e4rung"}]},{"@type":"WebSite","@id":"https:\/\/lehmann-abfuellanlagen.de\/#website","url":"https:\/\/lehmann-abfuellanlagen.de\/","name":"LEHMANN INDUSTRIE","description":"Abf\u00fcllanlagen und Verpackungsmaschinen","publisher":{"@id":"https:\/\/lehmann-abfuellanlagen.de\/#organization"},"potentialAction":[{"@type":"SearchAction","target":{"@type":"EntryPoint","urlTemplate":"https:\/\/lehmann-abfuellanlagen.de\/?s={search_term_string}"},"query-input":{"@type":"PropertyValueSpecification","valueRequired":true,"valueName":"search_term_string"}}],"inLanguage":"en-GB"},{"@type":"Organization","@id":"https:\/\/lehmann-abfuellanlagen.de\/#organization","name":"LEHMANN INDUSTRIE","url":"https:\/\/lehmann-abfuellanlagen.de\/","logo":{"@type":"ImageObject","inLanguage":"en-GB","@id":"https:\/\/lehmann-abfuellanlagen.de\/#\/schema\/logo\/image\/","url":"https:\/\/lehmann-abfuellanlagen.de\/wp-content\/uploads\/2026\/05\/logo-lehmann-industrie-seo.png","contentUrl":"https:\/\/lehmann-abfuellanlagen.de\/wp-content\/uploads\/2026\/05\/logo-lehmann-industrie-seo.png","width":548,"height":152,"caption":"LEHMANN INDUSTRIE"},"image":{"@id":"https:\/\/lehmann-abfuellanlagen.de\/#\/schema\/logo\/image\/"},"sameAs":["https:\/\/www.facebook.com\/profile.php?id=100068219325208","https:\/\/www.linkedin.com\/company\/lehmann-industrie\/","https:\/\/www.youtube.com\/@lehmannindustrie2766"]}]}},"_links":{"self":[{"href":"https:\/\/lehmann-abfuellanlagen.de\/en\/wp-json\/wp\/v2\/pages\/1360","targetHints":{"allow":["GET"]}}],"collection":[{"href":"https:\/\/lehmann-abfuellanlagen.de\/en\/wp-json\/wp\/v2\/pages"}],"about":[{"href":"https:\/\/lehmann-abfuellanlagen.de\/en\/wp-json\/wp\/v2\/types\/page"}],"author":[{"embeddable":true,"href":"https:\/\/lehmann-abfuellanlagen.de\/en\/wp-json\/wp\/v2\/users\/8"}],"replies":[{"embeddable":true,"href":"https:\/\/lehmann-abfuellanlagen.de\/en\/wp-json\/wp\/v2\/comments?post=1360"}],"version-history":[{"count":10,"href":"https:\/\/lehmann-abfuellanlagen.de\/en\/wp-json\/wp\/v2\/pages\/1360\/revisions"}],"predecessor-version":[{"id":1486,"href":"https:\/\/lehmann-abfuellanlagen.de\/en\/wp-json\/wp\/v2\/pages\/1360\/revisions\/1486"}],"wp:attachment":[{"href":"https:\/\/lehmann-abfuellanlagen.de\/en\/wp-json\/wp\/v2\/media?parent=1360"}],"curies":[{"name":"wp","href":"https:\/\/api.w.org\/{rel}","templated":true}]}}